{"id":8508,"date":"2010-12-09T13:17:26","date_gmt":"2010-12-09T12:17:26","guid":{"rendered":"https:\/\/www.probotanic.com\/sl\/?page_id=8508"},"modified":"2024-12-29T21:37:25","modified_gmt":"2024-12-29T20:37:25","slug":"o-probotanic-u","status":"publish","type":"page","link":"https:\/\/probotanic.com\/sl\/o-probotanic-u\/","title":{"rendered":""},"content":{"rendered":"<h1>O nas<\/h1>\n<p>&nbsp;<\/p>\n<p style=\"text-align: left;\"><strong>KAKOVOST<\/strong><\/p>\n<p>Probotanicov portfelj sestavljajo izdelki najvi\u0161je kakovosti, ki so rezultat nenehnega razvoja, vzdr\u017eevanja najvi\u0161jih mednarodnih standardov in predanosti strokovne ekipe.<\/p>\n<p>Eteri\u010dna olja kot poseben nabor izdelkov so vrhunske kakovosti. Vse rastline v izdelkih Probotanic so skrbno izbrane, sortirane, posu\u0161ene in obdelane na sodobnih strojih, da dobimo eteri\u010dna in ma\u0161\u010dobna olja najbolj\u0161e kakovosti. Podjetje posebno skrbi za kakovost izdelkov, ki je vedno na prvem mestu, brez kompromisov pri izbiri surovin in njihovi predelavi.<\/p>\n<p>Del proizvodne linije so ekolo\u0161ki izdelki in imajo ustrezne ateste in certifikate.<\/p>\n<p>&nbsp;<\/p>\n<p style=\"text-align: left;\"><strong>MISIJA<\/strong><\/p>\n<p style=\"text-align: left;\">Poslanstvo podjetja je ponuditi izdelke, ki ljudem lahko pomagajo pri re\u0161evanju razli\u010dnih zdravstvenih te\u017eav. Probotanic izdelki in tudi alternativni na\u010dini zdravljenja pomagajo ohranjati dobro zdravje in zdrave \u017eivljenjske navade.<\/p>\n<p style=\"text-align: left;\">Klju\u010dne vrednote podjetja in blagovne znamke so: kakovost, predanost, zaupanje in razpolo\u017eljivost.<\/p>\n<p>&nbsp;<\/p>\n<p style=\"text-align: left;\"><strong>STANDARDI IN CERTIFIKATI<\/strong><\/p>\n<p>Odgovorno poslovanje vklju\u010duje uporabo najvi\u0161jih standardov in certifikatov, ki vzbujajo zaupanje pri partnerjih v zdravstvenem sistemu, dobaviteljih, kupcih in potencialnih partnerjih.<br \/>\nIzdelki Probotanic so proizvedeni in\/ali predelani po strogih HACCP kriterijih, standardih ISO 9001 in zahtevah ekolo\u0161kega kmetovanja, kar je potrditev njihove najvi\u0161je kakovosti.<\/p>\n<p>Pridobljeni so certifikati in potrdila o izpolnjevanju meril za ekolo\u0161ko pridelavo, po zahtevah EU in Republike Srbije.<\/p>\n<p>Poslovanje podjetja izpolnjuje stroge kriterije naslednjih standardov<\/p>\n<p>&#8211; HACCP<br \/>\n&#8211; ISO 9001:2015<br \/>\n&#8211; ISO 14001:2015<br \/>\n&#8211; ISO 45001:2018<\/p>\n<table style=\"margin: 20px 0;\" border=\"0\" cellspacing=\"0\">\n<tbody>\n<tr>\n<td><img decoding=\"async\" class=\"lazyload alignnone wp-image-50381 size-full\" style=\"margin-left: 5px; border: 1px solid black;\" src=\"https:\/\/www.probotanic.com\/wp-content\/uploads\/2024\/11\/haccpm.jpg\" data-orig-src=\"https:\/\/www.probotanic.com\/wp-content\/uploads\/2024\/11\/haccpm.jpg\" alt=\"haccp\" width=\"283\" height=\"400\" srcset=\"data:image\/svg+xml,%3Csvg%20xmlns%3D%27http%3A%2F%2Fwww.w3.org%2F2000%2Fsvg%27%20width%3D%27283%27%20height%3D%27400%27%20viewBox%3D%270%200%20283%20400%27%3E%3Crect%20width%3D%27283%27%20height%3D%27400%27%20fill-opacity%3D%220%22%2F%3E%3C%2Fsvg%3E\" data-srcset=\"https:\/\/probotanic.com\/wp-content\/uploads\/2024\/11\/haccpm-200x283.jpg 200w, https:\/\/probotanic.com\/wp-content\/uploads\/2024\/11\/haccpm-212x300.jpg 212w, https:\/\/probotanic.com\/wp-content\/uploads\/2024\/11\/haccpm.jpg 283w\" data-sizes=\"auto\" data-orig-sizes=\"(max-width: 283px) 100vw, 283px\" \/><\/td>\n<td><img decoding=\"async\" class=\"lazyload alignnone wp-image-50389 size-full\" style=\"border: 1px solid black;\" src=\"https:\/\/www.probotanic.com\/wp-content\/uploads\/2024\/11\/9001m.jpg\" data-orig-src=\"https:\/\/www.probotanic.com\/wp-content\/uploads\/2024\/11\/9001m.jpg\" alt=\"9001\" width=\"283\" height=\"400\" srcset=\"data:image\/svg+xml,%3Csvg%20xmlns%3D%27http%3A%2F%2Fwww.w3.org%2F2000%2Fsvg%27%20width%3D%27283%27%20height%3D%27400%27%20viewBox%3D%270%200%20283%20400%27%3E%3Crect%20width%3D%27283%27%20height%3D%27400%27%20fill-opacity%3D%220%22%2F%3E%3C%2Fsvg%3E\" data-srcset=\"https:\/\/probotanic.com\/wp-content\/uploads\/2024\/11\/9001m-200x283.jpg 200w, https:\/\/probotanic.com\/wp-content\/uploads\/2024\/11\/9001m-212x300.jpg 212w, https:\/\/probotanic.com\/wp-content\/uploads\/2024\/11\/9001m.jpg 283w\" data-sizes=\"auto\" data-orig-sizes=\"(max-width: 283px) 100vw, 283px\" \/><\/td>\n<\/tr>\n<\/tbody>\n<\/table>\n<table style=\"margin: 20px 0;\" border=\"0\" cellspacing=\"0\">\n<tbody>\n<tr>\n<td><img decoding=\"async\" class=\"lazyload alignnone wp-image-50397 size-full\" style=\"margin-left: 5px; border: 1px solid black;\" src=\"https:\/\/www.probotanic.com\/wp-content\/uploads\/2024\/11\/14001m.jpg\" data-orig-src=\"https:\/\/www.probotanic.com\/wp-content\/uploads\/2024\/11\/14001m.jpg\" alt=\"14001\" width=\"283\" height=\"400\" srcset=\"data:image\/svg+xml,%3Csvg%20xmlns%3D%27http%3A%2F%2Fwww.w3.org%2F2000%2Fsvg%27%20width%3D%27283%27%20height%3D%27400%27%20viewBox%3D%270%200%20283%20400%27%3E%3Crect%20width%3D%27283%27%20height%3D%27400%27%20fill-opacity%3D%220%22%2F%3E%3C%2Fsvg%3E\" data-srcset=\"https:\/\/probotanic.com\/wp-content\/uploads\/2024\/11\/14001m-200x283.jpg 200w, https:\/\/probotanic.com\/wp-content\/uploads\/2024\/11\/14001m-212x300.jpg 212w, https:\/\/probotanic.com\/wp-content\/uploads\/2024\/11\/14001m.jpg 283w\" data-sizes=\"auto\" data-orig-sizes=\"(max-width: 283px) 100vw, 283px\" \/><\/td>\n<td><img decoding=\"async\" class=\"lazyload alignnone wp-image-50405 size-full\" style=\"border: 1px solid black;\" src=\"https:\/\/www.probotanic.com\/wp-content\/uploads\/2024\/11\/45001m.jpg\" data-orig-src=\"https:\/\/www.probotanic.com\/wp-content\/uploads\/2024\/11\/45001m.jpg\" alt=\"45001\" width=\"283\" height=\"400\" srcset=\"data:image\/svg+xml,%3Csvg%20xmlns%3D%27http%3A%2F%2Fwww.w3.org%2F2000%2Fsvg%27%20width%3D%27283%27%20height%3D%27400%27%20viewBox%3D%270%200%20283%20400%27%3E%3Crect%20width%3D%27283%27%20height%3D%27400%27%20fill-opacity%3D%220%22%2F%3E%3C%2Fsvg%3E\" data-srcset=\"https:\/\/probotanic.com\/wp-content\/uploads\/2024\/11\/45001m-200x283.jpg 200w, https:\/\/probotanic.com\/wp-content\/uploads\/2024\/11\/45001m-212x300.jpg 212w, https:\/\/probotanic.com\/wp-content\/uploads\/2024\/11\/45001m.jpg 283w\" data-sizes=\"auto\" data-orig-sizes=\"(max-width: 283px) 100vw, 283px\" \/><\/td>\n<\/tr>\n<\/tbody>\n<\/table>\n<p>&nbsp;<\/p>\n<p><strong>EKOLO\u0160KI CERTIFIKATI &#8211; Ecocert<\/strong><\/p>\n<p>Probotanic doo je certificiran predelovalec in proizvajalec ekolo\u0161ke hrane in dodatkov s strani svetovno priznane certifikacijske hi\u0161e Ecocert, po predpisih Republike Srbije in EU.<\/p>\n<table style=\"margin: 20px 0;\" border=\"0\" cellspacing=\"0\">\n<tbody>\n<tr>\n<td><img decoding=\"async\" class=\"lazyload alignnone wp-image-50413 size-full\" style=\"margin-left: 5px; border: 1px solid black;\" src=\"https:\/\/www.probotanic.com\/wp-content\/uploads\/2024\/11\/srbm.jpg\" data-orig-src=\"https:\/\/www.probotanic.com\/wp-content\/uploads\/2024\/11\/srbm.jpg\" alt=\"srbm\" width=\"263\" height=\"400\" srcset=\"data:image\/svg+xml,%3Csvg%20xmlns%3D%27http%3A%2F%2Fwww.w3.org%2F2000%2Fsvg%27%20width%3D%27263%27%20height%3D%27400%27%20viewBox%3D%270%200%20263%20400%27%3E%3Crect%20width%3D%27263%27%20height%3D%27400%27%20fill-opacity%3D%220%22%2F%3E%3C%2Fsvg%3E\" data-srcset=\"https:\/\/probotanic.com\/wp-content\/uploads\/2024\/11\/srbm-197x300.jpg 197w, https:\/\/probotanic.com\/wp-content\/uploads\/2024\/11\/srbm-200x304.jpg 200w, https:\/\/probotanic.com\/wp-content\/uploads\/2024\/11\/srbm.jpg 263w\" data-sizes=\"auto\" data-orig-sizes=\"(max-width: 263px) 100vw, 263px\" \/><\/td>\n<td><img decoding=\"async\" class=\"lazyload alignnone wp-image-50421 size-full\" style=\"border: 1px solid black;\" src=\"https:\/\/www.probotanic.com\/wp-content\/uploads\/2024\/11\/eum.jpg\" data-orig-src=\"https:\/\/www.probotanic.com\/wp-content\/uploads\/2024\/11\/eum.jpg\" alt=\"eum\" width=\"285\" height=\"400\" srcset=\"data:image\/svg+xml,%3Csvg%20xmlns%3D%27http%3A%2F%2Fwww.w3.org%2F2000%2Fsvg%27%20width%3D%27285%27%20height%3D%27400%27%20viewBox%3D%270%200%20285%20400%27%3E%3Crect%20width%3D%27285%27%20height%3D%27400%27%20fill-opacity%3D%220%22%2F%3E%3C%2Fsvg%3E\" data-srcset=\"https:\/\/probotanic.com\/wp-content\/uploads\/2024\/11\/eum-200x281.jpg 200w, https:\/\/probotanic.com\/wp-content\/uploads\/2024\/11\/eum-214x300.jpg 214w, https:\/\/probotanic.com\/wp-content\/uploads\/2024\/11\/eum.jpg 285w\" data-sizes=\"auto\" data-orig-sizes=\"(max-width: 285px) 100vw, 285px\" \/><\/td>\n<\/tr>\n<\/tbody>\n<\/table>\n","protected":false},"excerpt":{"rendered":"<p>O nas &nbsp; KAKOVOST Probotanicov portfelj sestavljajo izdelki najvi\u0161je kakovosti, ki so rezultat nenehnega razvoja, vzdr\u017eevanja najvi\u0161jih mednarodnih standardov in predanosti strokovne ekipe. Eteri\u010dna olja kot poseben nabor izdelkov so vrhunske kakovosti. Vse rastline v izdelkih Probotanic so skrbno izbrane, sortirane, posu\u0161ene in obdelane na sodobnih strojih, da dobimo eteri\u010dna in ma\u0161\u010dobna olja najbolj\u0161e kakovosti.<\/p>\n","protected":false},"author":582,"featured_media":0,"parent":0,"menu_order":0,"comment_status":"closed","ping_status":"open","template":"","meta":{"inline_featured_image":false,"footnotes":""},"class_list":["post-8508","page","type-page","status-publish","hentry"],"aioseo_notices":[],"_links":{"self":[{"href":"https:\/\/probotanic.com\/sl\/wp-json\/wp\/v2\/pages\/8508","targetHints":{"allow":["GET"]}}],"collection":[{"href":"https:\/\/probotanic.com\/sl\/wp-json\/wp\/v2\/pages"}],"about":[{"href":"https:\/\/probotanic.com\/sl\/wp-json\/wp\/v2\/types\/page"}],"author":[{"embeddable":true,"href":"https:\/\/probotanic.com\/sl\/wp-json\/wp\/v2\/users\/582"}],"replies":[{"embeddable":true,"href":"https:\/\/probotanic.com\/sl\/wp-json\/wp\/v2\/comments?post=8508"}],"version-history":[{"count":5,"href":"https:\/\/probotanic.com\/sl\/wp-json\/wp\/v2\/pages\/8508\/revisions"}],"predecessor-version":[{"id":52005,"href":"https:\/\/probotanic.com\/sl\/wp-json\/wp\/v2\/pages\/8508\/revisions\/52005"}],"wp:attachment":[{"href":"https:\/\/probotanic.com\/sl\/wp-json\/wp\/v2\/media?parent=8508"}],"curies":[{"name":"wp","href":"https:\/\/api.w.org\/{rel}","templated":true}]}}