{"id":8524,"date":"2014-10-11T23:09:34","date_gmt":"2014-10-11T22:09:34","guid":{"rendered":"https:\/\/www.probotanic.com\/sl\/?page_id=8524"},"modified":"2025-01-06T11:05:29","modified_gmt":"2025-01-06T10:05:29","slug":"probotanic-100-cisto-i-prirodno","status":"publish","type":"page","link":"https:\/\/probotanic.com\/sl\/","title":{"rendered":"Probotanic &#8211; 100% \u010disto i prirodno"},"content":{"rendered":"<div class=\"fusion-fullwidth fullwidth-box fusion-builder-row-1 hundred-percent-fullwidth non-hundred-percent-height-scrolling\" style=\"--awb-border-radius-top-left:0px;--awb-border-radius-top-right:0px;--awb-border-radius-bottom-right:0px;--awb-border-radius-bottom-left:0px;--awb-overflow:visible;--awb-flex-wrap:wrap;\" ><div class=\"fusion-builder-row fusion-row\"><div class=\"fusion-layout-column fusion_builder_column fusion-builder-column-0 fusion_builder_column_1_1 1_1 fusion-one-full fusion-column-first fusion-column-last fusion-column-no-min-height\" style=\"--awb-bg-blend:overlay;--awb-bg-size:cover;--awb-margin-bottom:0px;\"><div class=\"fusion-column-wrapper fusion-flex-column-wrapper-legacy\"><div class=\"fusion-image-element in-legacy-container\" style=\"--awb-caption-title-font-family:var(--h2_typography-font-family);--awb-caption-title-font-weight:var(--h2_typography-font-weight);--awb-caption-title-font-style:var(--h2_typography-font-style);--awb-caption-title-size:var(--h2_typography-font-size);--awb-caption-title-transform:var(--h2_typography-text-transform);--awb-caption-title-line-height:var(--h2_typography-line-height);--awb-caption-title-letter-spacing:var(--h2_typography-letter-spacing);\"><span class=\" fusion-imageframe imageframe-none imageframe-1 hover-type-none fusion-animated\" data-animationType=\"fadeInLeft\" data-animationDuration=\"0.5\" data-animationOffset=\"top-into-view\"><img decoding=\"async\" width=\"1140\" height=\"500\" title=\"eng-probotanic-home-page\" src=\"https:\/\/probotanic.com\/wp-content\/uploads\/2024\/11\/eng-probotanic-home-page.jpg\" data-orig-src=\"https:\/\/probotanic.com\/wp-content\/uploads\/2024\/11\/eng-probotanic-home-page.jpg\" alt class=\"lazyload img-responsive wp-image-50637\" srcset=\"data:image\/svg+xml,%3Csvg%20xmlns%3D%27http%3A%2F%2Fwww.w3.org%2F2000%2Fsvg%27%20width%3D%271140%27%20height%3D%27500%27%20viewBox%3D%270%200%201140%20500%27%3E%3Crect%20width%3D%271140%27%20height%3D%27500%27%20fill-opacity%3D%220%22%2F%3E%3C%2Fsvg%3E\" data-srcset=\"https:\/\/probotanic.com\/wp-content\/uploads\/2024\/11\/eng-probotanic-home-page-200x88.jpg 200w, https:\/\/probotanic.com\/wp-content\/uploads\/2024\/11\/eng-probotanic-home-page-400x175.jpg 400w, https:\/\/probotanic.com\/wp-content\/uploads\/2024\/11\/eng-probotanic-home-page-600x263.jpg 600w, https:\/\/probotanic.com\/wp-content\/uploads\/2024\/11\/eng-probotanic-home-page-800x351.jpg 800w, https:\/\/probotanic.com\/wp-content\/uploads\/2024\/11\/eng-probotanic-home-page.jpg 1140w\" data-sizes=\"auto\" data-orig-sizes=\"(max-width: 800px) 100vw, 1140px\" \/><\/span><\/div><div class=\"fusion-section-separator section-separator custom fusion-section-separator-1\" style=\"--awb-svg-margin-left:0;--awb-svg-margin-right:0;--awb-divider-height:20px;--awb-spacer-height:20px;--awb-spacer-padding-top:inherit;\"><div class=\"fusion-section-separator-svg\"><\/div><div class=\"fusion-section-separator-spacer\"><div class=\"fusion-section-separator-spacer-height\"><\/div><\/div><\/div><div class=\"fusion-section-separator section-separator custom fusion-section-separator-2\" style=\"--awb-svg-margin-left:0;--awb-svg-margin-right:0;--awb-divider-height:20px;--awb-spacer-height:20px;--awb-spacer-padding-top:inherit;\"><div class=\"fusion-section-separator-svg\"><\/div><div class=\"fusion-section-separator-spacer\"><div class=\"fusion-section-separator-spacer-height\"><\/div><\/div><\/div><div class=\"fusion-text fusion-text-1\"><h1 style=\"text-align: center;\">Najbolj priljubljeni izdelki iz origana<\/h1>\n<\/div><div class=\"fusion-content-boxes content-boxes columns row fusion-columns-3 fusion-columns-total-6 fusion-content-boxes-1 content-boxes-icon-with-title content-left has-flex-alignment\" style=\"--awb-alignment:stretch;--awb-hover-accent-color:var(--awb-custom14);--awb-circle-hover-accent-color:var(--awb-custom14);\" id=\"homepage-content\" data-animationOffset=\"top-into-view\"><div style=\"--awb-backgroundcolor:transparent;\" class=\"fusion-column content-box-column content-box-column content-box-column-1 col-lg-4 col-md-4 col-sm-4 fusion-content-box-hover content-box-column-first-in-row\"><div class=\"col content-box-wrapper content-wrapper link-area-box link-type-text icon-hover-animation-fade fusion-animated\" data-link=\"https:\/\/www.probotanic.com\/sl\/izdelki\/olje-divjega-origana\/\" data-link-target=\"_self\" data-animationType=\"fadeInDown\" data-animationDuration=\"1.5\" data-animationOffset=\"top-into-view\"><div class=\"heading icon-left\"><a class=\"heading-link\" style=\"float:left;\" href=\"https:\/\/www.probotanic.com\/sl\/izdelki\/olje-divjega-origana\/\" target=\"_self\"><\/a><\/div><div class=\"fusion-clearfix\"><\/div><div class=\"content-container\">\n<p><img decoding=\"async\" class=\"lazyload alignnone wp-image-49891 size-full\" src=\"https:\/\/www.probotanic.com\/wp-content\/uploads\/2012\/03\/probotanic-ulje-divljeg-origana-10ml-600.jpg\" data-orig-src=\"https:\/\/www.probotanic.com\/wp-content\/uploads\/2012\/03\/probotanic-ulje-divljeg-origana-10ml-600.jpg\" alt=\"Olje divjega origana\" width=\"600\" height=\"600\" srcset=\"data:image\/svg+xml,%3Csvg%20xmlns%3D%27http%3A%2F%2Fwww.w3.org%2F2000%2Fsvg%27%20width%3D%27600%27%20height%3D%27600%27%20viewBox%3D%270%200%20600%20600%27%3E%3Crect%20width%3D%27600%27%20height%3D%27600%27%20fill-opacity%3D%220%22%2F%3E%3C%2Fsvg%3E\" data-srcset=\"https:\/\/probotanic.com\/wp-content\/uploads\/2012\/03\/probotanic-ulje-divljeg-origana-10ml-600-66x66.jpg 66w, https:\/\/probotanic.com\/wp-content\/uploads\/2012\/03\/probotanic-ulje-divljeg-origana-10ml-600-100x100.jpg 100w, https:\/\/probotanic.com\/wp-content\/uploads\/2012\/03\/probotanic-ulje-divljeg-origana-10ml-600-150x150.jpg 150w, https:\/\/probotanic.com\/wp-content\/uploads\/2012\/03\/probotanic-ulje-divljeg-origana-10ml-600-200x200.jpg 200w, https:\/\/probotanic.com\/wp-content\/uploads\/2012\/03\/probotanic-ulje-divljeg-origana-10ml-600-300x300.jpg 300w, https:\/\/probotanic.com\/wp-content\/uploads\/2012\/03\/probotanic-ulje-divljeg-origana-10ml-600-400x400.jpg 400w, https:\/\/probotanic.com\/wp-content\/uploads\/2012\/03\/probotanic-ulje-divljeg-origana-10ml-600-500x500.jpg 500w, https:\/\/probotanic.com\/wp-content\/uploads\/2012\/03\/probotanic-ulje-divljeg-origana-10ml-600.jpg 600w\" data-sizes=\"auto\" data-orig-sizes=\"(max-width: 600px) 100vw, 600px\" \/><\/p>\n<h2>Olje divjega origana<\/h2>\n<p>Najmo\u010dnej\u0161i rastlinski antiseptik in antibiotik. Uni\u010di ve\u010d kot 30 mikroorganizmov. Dokazano odpravlja E.coli, Candide&#8230;<\/p>\n<\/div><div class=\"fusion-clearfix\"><\/div><a class=\" fusion-read-more\" style=\"float:left;\" href=\"https:\/\/www.probotanic.com\/sl\/izdelki\/olje-divjega-origana\/\" target=\"_self\">Preberi ve\u010d<\/a><div class=\"fusion-clearfix\"><\/div><\/div><\/div><div style=\"--awb-backgroundcolor:transparent;\" class=\"fusion-column content-box-column content-box-column content-box-column-2 col-lg-4 col-md-4 col-sm-4 fusion-content-box-hover \"><div class=\"col content-box-wrapper content-wrapper link-area-box link-type-text icon-hover-animation-fade fusion-animated\" data-link=\"https:\/\/www.probotanic.com\/sl\/izdelki\/origano-strong\/\" data-link-target=\"_self\" data-animationType=\"fadeInDown\" data-animationDuration=\"1.5\" data-animationOffset=\"top-into-view\"><div class=\"heading icon-left\"><a class=\"heading-link\" style=\"float:left;\" href=\"https:\/\/www.probotanic.com\/sl\/izdelki\/origano-strong\/\" target=\"_self\"><\/a><\/div><div class=\"fusion-clearfix\"><\/div><div class=\"content-container\">\n<p><img decoding=\"async\" class=\"lazyload alignnone wp-image-49900 size-full\" src=\"https:\/\/www.probotanic.com\/wp-content\/uploads\/2015\/08\/probotanic-origano-strong-600.jpg\" data-orig-src=\"https:\/\/www.probotanic.com\/wp-content\/uploads\/2015\/08\/probotanic-origano-strong-600.jpg\" alt=\"probotanic-origano-strong\" width=\"600\" height=\"600\" srcset=\"data:image\/svg+xml,%3Csvg%20xmlns%3D%27http%3A%2F%2Fwww.w3.org%2F2000%2Fsvg%27%20width%3D%27600%27%20height%3D%27600%27%20viewBox%3D%270%200%20600%20600%27%3E%3Crect%20width%3D%27600%27%20height%3D%27600%27%20fill-opacity%3D%220%22%2F%3E%3C%2Fsvg%3E\" data-srcset=\"https:\/\/probotanic.com\/wp-content\/uploads\/2015\/08\/probotanic-origano-strong-600-66x66.jpg 66w, https:\/\/probotanic.com\/wp-content\/uploads\/2015\/08\/probotanic-origano-strong-600-100x100.jpg 100w, https:\/\/probotanic.com\/wp-content\/uploads\/2015\/08\/probotanic-origano-strong-600-150x150.jpg 150w, https:\/\/probotanic.com\/wp-content\/uploads\/2015\/08\/probotanic-origano-strong-600-200x200.jpg 200w, https:\/\/probotanic.com\/wp-content\/uploads\/2015\/08\/probotanic-origano-strong-600-300x300.jpg 300w, https:\/\/probotanic.com\/wp-content\/uploads\/2015\/08\/probotanic-origano-strong-600-400x400.jpg 400w, https:\/\/probotanic.com\/wp-content\/uploads\/2015\/08\/probotanic-origano-strong-600-500x500.jpg 500w, https:\/\/probotanic.com\/wp-content\/uploads\/2015\/08\/probotanic-origano-strong-600.jpg 600w\" data-sizes=\"auto\" data-orig-sizes=\"(max-width: 600px) 100vw, 600px\" \/><\/p>\n<h2>Origano Strong<\/h2>\n<p>Origano Strong je organsko olje divjega origana v mehkih kapsulah. Idealno za krepitev imunskega sistema in la\u017eje u\u017eivanje zdravilnih u\u010dinkov origana.<\/p>\n<\/div><div class=\"fusion-clearfix\"><\/div><a class=\" fusion-read-more\" style=\"float:left;\" href=\"https:\/\/www.probotanic.com\/sl\/izdelki\/origano-strong\/\" target=\"_self\">Preberi ve\u010d<\/a><div class=\"fusion-clearfix\"><\/div><\/div><\/div><div style=\"--awb-backgroundcolor:transparent;\" class=\"fusion-column content-box-column content-box-column content-box-column-3 col-lg-4 col-md-4 col-sm-4 fusion-content-box-hover content-box-column-last-in-row\"><div class=\"col content-box-wrapper content-wrapper link-area-box link-type-text icon-hover-animation-fade fusion-animated\" data-link=\"https:\/\/www.probotanic.com\/sl\/izdelki\/herba-sept-230ml\/\" data-link-target=\"_self\" data-animationType=\"fadeInDown\" data-animationDuration=\"1.5\" data-animationOffset=\"top-into-view\"><div class=\"heading icon-left\"><a class=\"heading-link\" style=\"float:left;\" href=\"https:\/\/www.probotanic.com\/sl\/izdelki\/herba-sept-230ml\/\" target=\"_self\"><\/a><\/div><div class=\"fusion-clearfix\"><\/div><div class=\"content-container\">\n<p><img decoding=\"async\" class=\"lazyload alignnone wp-image-49955 size-full\" src=\"https:\/\/www.probotanic.com\/wp-content\/uploads\/2017\/03\/probotanic-herba-sept-600.jpg\" data-orig-src=\"https:\/\/www.probotanic.com\/wp-content\/uploads\/2017\/03\/probotanic-herba-sept-600.jpg\" alt=\"probotanic-herba-sept\" width=\"600\" height=\"600\" srcset=\"data:image\/svg+xml,%3Csvg%20xmlns%3D%27http%3A%2F%2Fwww.w3.org%2F2000%2Fsvg%27%20width%3D%27600%27%20height%3D%27600%27%20viewBox%3D%270%200%20600%20600%27%3E%3Crect%20width%3D%27600%27%20height%3D%27600%27%20fill-opacity%3D%220%22%2F%3E%3C%2Fsvg%3E\" data-srcset=\"https:\/\/probotanic.com\/wp-content\/uploads\/2017\/03\/probotanic-herba-sept-600-66x66.jpg 66w, https:\/\/probotanic.com\/wp-content\/uploads\/2017\/03\/probotanic-herba-sept-600-100x100.jpg 100w, https:\/\/probotanic.com\/wp-content\/uploads\/2017\/03\/probotanic-herba-sept-600-150x150.jpg 150w, https:\/\/probotanic.com\/wp-content\/uploads\/2017\/03\/probotanic-herba-sept-600-200x200.jpg 200w, https:\/\/probotanic.com\/wp-content\/uploads\/2017\/03\/probotanic-herba-sept-600-300x300.jpg 300w, https:\/\/probotanic.com\/wp-content\/uploads\/2017\/03\/probotanic-herba-sept-600-400x400.jpg 400w, https:\/\/probotanic.com\/wp-content\/uploads\/2017\/03\/probotanic-herba-sept-600-500x500.jpg 500w, https:\/\/probotanic.com\/wp-content\/uploads\/2017\/03\/probotanic-herba-sept-600.jpg 600w\" data-sizes=\"auto\" data-orig-sizes=\"(max-width: 600px) 100vw, 600px\" \/><\/p>\n<h2>Herba Sept<\/h2>\n<p>Herba Sept je naravni ustni antiseptik iz ekolo\u0161kega divjega origana, ki u\u010dinkovito \u0161\u010diti ustno votlino in \u017erelo ter posledi\u010dno izbolj\u0161uje higiene.<\/p>\n<\/div><div class=\"fusion-clearfix\"><\/div><a class=\" fusion-read-more\" style=\"float:left;\" href=\"https:\/\/www.probotanic.com\/sl\/izdelki\/herba-sept-230ml\/\" target=\"_self\">Preberi ve\u010d<\/a><div class=\"fusion-clearfix\"><\/div><\/div><\/div><div style=\"--awb-backgroundcolor:transparent;\" class=\"fusion-column content-box-column content-box-column content-box-column-4 col-lg-4 col-md-4 col-sm-4 fusion-content-box-hover content-box-column-first-in-row\"><div class=\"col content-box-wrapper content-wrapper link-area-box link-type-text icon-hover-animation-fade fusion-animated\" data-link=\"https:\/\/www.probotanic.com\/sl\/izdelki\/caj-divjega-origana\/\" data-link-target=\"_self\" data-animationType=\"fadeInLeft\" data-animationDuration=\"1.5\" data-animationOffset=\"top-into-view\"><div class=\"heading icon-left\"><a class=\"heading-link\" style=\"float:left;\" href=\"https:\/\/www.probotanic.com\/sl\/izdelki\/caj-divjega-origana\/\" target=\"_self\"><\/a><\/div><div class=\"fusion-clearfix\"><\/div><div class=\"content-container\">\n<p><img decoding=\"async\" class=\"lazyload alignnone wp-image-49965 size-full\" src=\"https:\/\/www.probotanic.com\/wp-content\/uploads\/2011\/01\/probotanic-origano-caj-600.jpg\" data-orig-src=\"https:\/\/www.probotanic.com\/wp-content\/uploads\/2011\/01\/probotanic-origano-caj-600.jpg\" alt=\"probotanic-origano-caj\" width=\"600\" height=\"600\" srcset=\"data:image\/svg+xml,%3Csvg%20xmlns%3D%27http%3A%2F%2Fwww.w3.org%2F2000%2Fsvg%27%20width%3D%27600%27%20height%3D%27600%27%20viewBox%3D%270%200%20600%20600%27%3E%3Crect%20width%3D%27600%27%20height%3D%27600%27%20fill-opacity%3D%220%22%2F%3E%3C%2Fsvg%3E\" data-srcset=\"https:\/\/probotanic.com\/wp-content\/uploads\/2011\/01\/probotanic-origano-caj-600-66x66.jpg 66w, https:\/\/probotanic.com\/wp-content\/uploads\/2011\/01\/probotanic-origano-caj-600-100x100.jpg 100w, https:\/\/probotanic.com\/wp-content\/uploads\/2011\/01\/probotanic-origano-caj-600-150x150.jpg 150w, https:\/\/probotanic.com\/wp-content\/uploads\/2011\/01\/probotanic-origano-caj-600-200x200.jpg 200w, https:\/\/probotanic.com\/wp-content\/uploads\/2011\/01\/probotanic-origano-caj-600-300x300.jpg 300w, https:\/\/probotanic.com\/wp-content\/uploads\/2011\/01\/probotanic-origano-caj-600-400x400.jpg 400w, https:\/\/probotanic.com\/wp-content\/uploads\/2011\/01\/probotanic-origano-caj-600-500x500.jpg 500w, https:\/\/probotanic.com\/wp-content\/uploads\/2011\/01\/probotanic-origano-caj-600.jpg 600w\" data-sizes=\"auto\" data-orig-sizes=\"(max-width: 600px) 100vw, 600px\" \/><\/p>\n<h2>\u010caj divjega origana<\/h2>\n<p>Odkrijte koristi \u010daja divjega origana Probotanic, ekolo\u0161kega izdelka z mo\u010dnimi aromami, idealnega za preventivo urinarnih infekcij in primernega za otroke.<\/p>\n<\/div><div class=\"fusion-clearfix\"><\/div><a class=\" fusion-read-more\" style=\"float:left;\" href=\"https:\/\/www.probotanic.com\/sl\/izdelki\/caj-divjega-origana\/\" target=\"_self\">Preberi ve\u010d<\/a><div class=\"fusion-clearfix\"><\/div><\/div><\/div><div style=\"--awb-backgroundcolor:transparent;\" class=\"fusion-column content-box-column content-box-column content-box-column-5 col-lg-4 col-md-4 col-sm-4 fusion-content-box-hover \"><div class=\"col content-box-wrapper content-wrapper link-area-box link-type-text icon-hover-animation-fade fusion-animated\" data-link=\"https:\/\/www.probotanic.com\/sl\/izdelki\/origano-sept-strong\/\" data-link-target=\"_self\" data-animationType=\"fadeInLeft\" data-animationDuration=\"1.5\" data-animationOffset=\"top-into-view\"><div class=\"heading icon-left\"><a class=\"heading-link\" style=\"float:left;\" href=\"https:\/\/www.probotanic.com\/sl\/izdelki\/origano-sept-strong\/\" target=\"_self\"><\/a><\/div><div class=\"fusion-clearfix\"><\/div><div class=\"content-container\">\n<p><img decoding=\"async\" class=\"lazyload alignnone wp-image-49927 size-full\" src=\"https:\/\/www.probotanic.com\/wp-content\/uploads\/2017\/03\/probotanic-origano-sept-strong-600.jpg\" data-orig-src=\"https:\/\/www.probotanic.com\/wp-content\/uploads\/2017\/03\/probotanic-origano-sept-strong-600.jpg\" alt=\"probotanic-origano-sept-strong\" width=\"600\" height=\"600\" srcset=\"data:image\/svg+xml,%3Csvg%20xmlns%3D%27http%3A%2F%2Fwww.w3.org%2F2000%2Fsvg%27%20width%3D%27600%27%20height%3D%27600%27%20viewBox%3D%270%200%20600%20600%27%3E%3Crect%20width%3D%27600%27%20height%3D%27600%27%20fill-opacity%3D%220%22%2F%3E%3C%2Fsvg%3E\" data-srcset=\"https:\/\/probotanic.com\/wp-content\/uploads\/2017\/03\/probotanic-origano-sept-strong-600-66x66.jpg 66w, https:\/\/probotanic.com\/wp-content\/uploads\/2017\/03\/probotanic-origano-sept-strong-600-100x100.jpg 100w, https:\/\/probotanic.com\/wp-content\/uploads\/2017\/03\/probotanic-origano-sept-strong-600-150x150.jpg 150w, https:\/\/probotanic.com\/wp-content\/uploads\/2017\/03\/probotanic-origano-sept-strong-600-200x200.jpg 200w, https:\/\/probotanic.com\/wp-content\/uploads\/2017\/03\/probotanic-origano-sept-strong-600-300x300.jpg 300w, https:\/\/probotanic.com\/wp-content\/uploads\/2017\/03\/probotanic-origano-sept-strong-600-400x400.jpg 400w, https:\/\/probotanic.com\/wp-content\/uploads\/2017\/03\/probotanic-origano-sept-strong-600-500x500.jpg 500w, https:\/\/probotanic.com\/wp-content\/uploads\/2017\/03\/probotanic-origano-sept-strong-600.jpg 600w\" data-sizes=\"auto\" data-orig-sizes=\"(max-width: 600px) 100vw, 600px\" \/><\/p>\n<h2>Origano Sept strong<\/h2>\n<p>Oregano Sept Strong je 100 % organski ustni sprej, ki uporablja eteri\u010dno olje divjega origana za boj proti bakterijam in glivicam ter za laj\u0161anje vnetij v ustni votlini.<\/p>\n<\/div><div class=\"fusion-clearfix\"><\/div><a class=\" fusion-read-more\" style=\"float:left;\" href=\"https:\/\/www.probotanic.com\/sl\/izdelki\/origano-sept-strong\/\" target=\"_self\">Preberi ve\u010d<\/a><div class=\"fusion-clearfix\"><\/div><\/div><\/div><div style=\"--awb-backgroundcolor:transparent;\" class=\"fusion-column content-box-column content-box-column content-box-column-6 col-lg-4 col-md-4 col-sm-4 fusion-content-box-hover content-box-column-last content-box-column-last-in-row\"><div class=\"col content-box-wrapper content-wrapper link-area-box link-type-text icon-hover-animation-fade fusion-animated\" data-link=\"https:\/\/www.probotanic.com\/sl\/izdelki\/florigano\/\" data-link-target=\"_self\" data-animationType=\"fadeInLeft\" data-animationDuration=\"1.5\" data-animationOffset=\"top-into-view\"><div class=\"heading icon-left\"><a class=\"heading-link\" style=\"float:left;\" href=\"https:\/\/www.probotanic.com\/sl\/izdelki\/florigano\/\" target=\"_self\"><\/a><\/div><div class=\"fusion-clearfix\"><\/div><div class=\"content-container\">\n<p><img decoding=\"async\" class=\"lazyload alignnone wp-image-49937 size-full\" src=\"https:\/\/www.probotanic.com\/wp-content\/uploads\/2011\/06\/probotanic-florigano-600.jpg\" data-orig-src=\"https:\/\/www.probotanic.com\/wp-content\/uploads\/2011\/06\/probotanic-florigano-600.jpg\" alt=\"probotanic-florigano\" width=\"600\" height=\"600\" srcset=\"data:image\/svg+xml,%3Csvg%20xmlns%3D%27http%3A%2F%2Fwww.w3.org%2F2000%2Fsvg%27%20width%3D%27600%27%20height%3D%27600%27%20viewBox%3D%270%200%20600%20600%27%3E%3Crect%20width%3D%27600%27%20height%3D%27600%27%20fill-opacity%3D%220%22%2F%3E%3C%2Fsvg%3E\" data-srcset=\"https:\/\/probotanic.com\/wp-content\/uploads\/2011\/06\/probotanic-florigano-600-66x66.jpg 66w, https:\/\/probotanic.com\/wp-content\/uploads\/2011\/06\/probotanic-florigano-600-100x100.jpg 100w, https:\/\/probotanic.com\/wp-content\/uploads\/2011\/06\/probotanic-florigano-600-150x150.jpg 150w, https:\/\/probotanic.com\/wp-content\/uploads\/2011\/06\/probotanic-florigano-600-200x200.jpg 200w, https:\/\/probotanic.com\/wp-content\/uploads\/2011\/06\/probotanic-florigano-600-300x300.jpg 300w, https:\/\/probotanic.com\/wp-content\/uploads\/2011\/06\/probotanic-florigano-600-400x400.jpg 400w, https:\/\/probotanic.com\/wp-content\/uploads\/2011\/06\/probotanic-florigano-600-500x500.jpg 500w, https:\/\/probotanic.com\/wp-content\/uploads\/2011\/06\/probotanic-florigano-600.jpg 600w\" data-sizes=\"auto\" data-orig-sizes=\"(max-width: 600px) 100vw, 600px\" \/><\/p>\n<h2>Florigano<\/h2>\n<p>Odkrijte mo\u010d Florigano, prehranskega dopolnila iz divjega origana, ki podpira zdravje dihal, prebavil in se\u010dil ter deluje kot naravna preventiva proti oku\u017ebam.<\/p>\n<\/div><div class=\"fusion-clearfix\"><\/div><a class=\" fusion-read-more\" style=\"float:left;\" href=\"https:\/\/www.probotanic.com\/sl\/izdelki\/florigano\/\" target=\"_self\">Preberi ve\u010d<\/a><div class=\"fusion-clearfix\"><\/div><\/div><\/div><div class=\"fusion-clearfix\"><\/div><\/div><div class=\"fusion-clearfix\"><\/div><\/div><\/div><\/div><\/div>\n","protected":false},"excerpt":{"rendered":"","protected":false},"author":582,"featured_media":0,"parent":0,"menu_order":0,"comment_status":"closed","ping_status":"closed","template":"","meta":{"inline_featured_image":false,"footnotes":""},"class_list":["post-8524","page","type-page","status-publish","hentry"],"aioseo_notices":[],"_links":{"self":[{"href":"https:\/\/probotanic.com\/sl\/wp-json\/wp\/v2\/pages\/8524","targetHints":{"allow":["GET"]}}],"collection":[{"href":"https:\/\/probotanic.com\/sl\/wp-json\/wp\/v2\/pages"}],"about":[{"href":"https:\/\/probotanic.com\/sl\/wp-json\/wp\/v2\/types\/page"}],"author":[{"embeddable":true,"href":"https:\/\/probotanic.com\/sl\/wp-json\/wp\/v2\/users\/582"}],"replies":[{"embeddable":true,"href":"https:\/\/probotanic.com\/sl\/wp-json\/wp\/v2\/comments?post=8524"}],"version-history":[{"count":11,"href":"https:\/\/probotanic.com\/sl\/wp-json\/wp\/v2\/pages\/8524\/revisions"}],"predecessor-version":[{"id":52152,"href":"https:\/\/probotanic.com\/sl\/wp-json\/wp\/v2\/pages\/8524\/revisions\/52152"}],"wp:attachment":[{"href":"https:\/\/probotanic.com\/sl\/wp-json\/wp\/v2\/media?parent=8524"}],"curies":[{"name":"wp","href":"https:\/\/api.w.org\/{rel}","templated":true}]}}