{"id":8528,"date":"2011-01-28T16:03:37","date_gmt":"2011-01-28T15:03:37","guid":{"rendered":"https:\/\/www.probotanic.com\/sl\/?page_id=8528"},"modified":"2024-12-18T16:47:54","modified_gmt":"2024-12-18T15:47:54","slug":"kontakt","status":"publish","type":"page","link":"https:\/\/probotanic.com\/sl\/kontakt\/","title":{"rendered":"Kontakt"},"content":{"rendered":"<h1>Pi\u0161ite nam<\/h1>\n<p>Odkrijte na\u0161e konkuren\u010dne izvozne cene in mo\u010dno tr\u017eno podporo. Zagotavljamo zanesljivo, transparentno sodelovanje in ponujamo celotno paleto visokokakovostnih ekolo\u0161kih izdelkov. Rastimo skupaj na mednarodnih trgih \u2013 stopite v stik z nami \u0161e danes za prilo\u017enosti partnerstva!<\/p>\n<p><strong>PROBOTANIC DOO<\/strong><br \/>\nVu\u010di\u0107ev prolaz 20a<br \/>\n11050 Beograd &#8211; Zvezdara<br \/>\nSrbija<\/p>\n<p>Tel. +381 11\/ 3807-535 , 3821-567<br \/>\nmob. +381 69\/ 110-95-75<br \/>\nfaks. +381 11\/406-00-78<\/p>\n<p>E-po\u0161ta:<br \/>\ninfo(na)probotanic.com<\/p>\n","protected":false},"excerpt":{"rendered":"<p>Pi\u0161ite nam Odkrijte na\u0161e konkuren\u010dne izvozne cene in mo\u010dno tr\u017eno podporo. Zagotavljamo zanesljivo, transparentno sodelovanje in ponujamo celotno paleto visokokakovostnih ekolo\u0161kih izdelkov. Rastimo skupaj na mednarodnih trgih \u2013 stopite v stik z nami \u0161e danes za prilo\u017enosti partnerstva! PROBOTANIC DOO Vu\u010di\u0107ev prolaz 20a 11050 Beograd &#8211; Zvezdara Srbija Tel. +381 11\/ 3807-535 , 3821-567 mob.<\/p>\n","protected":false},"author":582,"featured_media":0,"parent":0,"menu_order":0,"comment_status":"closed","ping_status":"open","template":"","meta":{"inline_featured_image":false,"footnotes":""},"class_list":["post-8528","page","type-page","status-publish","hentry"],"aioseo_notices":[],"_links":{"self":[{"href":"https:\/\/probotanic.com\/sl\/wp-json\/wp\/v2\/pages\/8528","targetHints":{"allow":["GET"]}}],"collection":[{"href":"https:\/\/probotanic.com\/sl\/wp-json\/wp\/v2\/pages"}],"about":[{"href":"https:\/\/probotanic.com\/sl\/wp-json\/wp\/v2\/types\/page"}],"author":[{"embeddable":true,"href":"https:\/\/probotanic.com\/sl\/wp-json\/wp\/v2\/users\/582"}],"replies":[{"embeddable":true,"href":"https:\/\/probotanic.com\/sl\/wp-json\/wp\/v2\/comments?post=8528"}],"version-history":[{"count":2,"href":"https:\/\/probotanic.com\/sl\/wp-json\/wp\/v2\/pages\/8528\/revisions"}],"predecessor-version":[{"id":51521,"href":"https:\/\/probotanic.com\/sl\/wp-json\/wp\/v2\/pages\/8528\/revisions\/51521"}],"wp:attachment":[{"href":"https:\/\/probotanic.com\/sl\/wp-json\/wp\/v2\/media?parent=8528"}],"curies":[{"name":"wp","href":"https:\/\/api.w.org\/{rel}","templated":true}]}}